{"id":27,"date":"2022-12-07T13:22:30","date_gmt":"2022-12-07T13:22:30","guid":{"rendered":"https:\/\/juliaszellphotography.com\/?page_id=27"},"modified":"2022-12-07T13:38:45","modified_gmt":"2022-12-07T13:38:45","slug":"coming-soon","status":"publish","type":"page","link":"https:\/\/juliaszellphotography.com\/en\/coming-soon\/","title":{"rendered":"Coming soon"},"content":{"rendered":"<div id=\"sp-page\" class=\"spBgcover sp-content-4\" style=\"background-color: rgb(255, 255, 255); font-family: 'Helvetica Neue', Arial, sans-serif; font-weight: 400;\">\n<section id=\"sp-iaq3a1\" data-mobile-visibility=\"#sp-iaq3a1|false\" data-desktop-visibility=\"#sp-iaq3a1|false\" class=\"sp-el-section\" style=\"width: 100%; max-width: 100%;\">\n<pre data-mobile-css=\"\"><\/pre>\n<div id=\"sp-f4rhyv\" data-mobile-visibility=\"#sp-f4rhyv|false\" data-desktop-visibility=\"#sp-f4rhyv|false\" class=\"sp-el-row sm:sp-flex sp-w-full  sp-m-auto sp-flex-row sp-justify-center\">\n<pre data-mobile-css=\"\"><\/pre>\n<div id=\"sp-l9nnle\" data-mobile-visibility=\"#sp-l9nnle|false\" data-desktop-visibility=\"#sp-l9nnle|false\" class=\"sp-el-col  sp-w-full\" style=\"width: calc(100% - 0px);\">\n<pre data-mobile-css=\"\"><\/pre>\n<figure id=\"sp-tz8c1n\" data-mobile-css=\"#sp-tz8c1n|text-align:center;\" class=\"sp-image-wrapper sp-el-block\" style=\"margin: 0px; text-align: center;\">\n<div><span><img loading=\"lazy\" decoding=\"async\" src=\"https:\/\/juliaszellphotography.com\/wp-content\/uploads\/2022\/12\/profilkep.jpg\" alt=\"\" width=\"750\" height=\"750\" data-mobile-visibility=\".sp-image-block-tz8c1n|false\" data-desktop-visibility=\".sp-image-block-tz8c1n|false\" srcset=\" https:\/\/juliaszellphotography.com\/wp-content\/uploads\/2022\/12\/profilkep-150x150.jpg 150w, https:\/\/juliaszellphotography.com\/wp-content\/uploads\/2022\/12\/profilkep-700x700.jpg 700w, https:\/\/juliaszellphotography.com\/wp-content\/uploads\/2022\/12\/profilkep.jpg 750w\" class=\"sp-image-block-tz8c1n\" style=\"width: 500px;\"><\/span><\/div>\n<\/figure>\n<div id=\"sp-cxas25\" data-mobile-css=\".sp-text-wrapper-cxas25, #sp-cxas25, #cxas25|text-align:left;\" data-mobile-visibility=\".sp-text-wrapper-cxas25|false\" data-desktop-visibility=\".sp-text-wrapper-cxas25|false\" class=\"sp-css-target sp-text-wrapper sp-el-block sp-text-block-style sp-text-wrapper-cxas25\" style=\"font-size: 24px; font-weight: 700; font-style: normal; font-family: 'Abhaya Libre'; color: rgb(109, 18, 63); text-shadow: rgba(0, 0, 0, 0.3) 3px 3px 6px; margin: 0px; text-align: center; box-shadow: rgba(0, 0, 0, 0.1) 0px 10px 15px -3px, rgba(0, 0, 0, 0.5) 0px 4px 6px -2px;\">\n<p>Hamarosan indul \u00faj weboldalam, addig is keresse fel <a href=\"https:\/\/www.facebook.com\/juliaszellphotography\">Facebook<\/a> oldalamat!&nbsp;<\/p>\n<\/div>\n<\/div>\n<\/div>\n<\/section>\n<\/div>","protected":false},"excerpt":{"rendered":"<p>Hamarosan indul \u00faj weboldalam, addig is keresse fel Facebook oldalamat!&nbsp;<\/p>","protected":false},"author":1,"featured_media":0,"parent":0,"menu_order":0,"comment_status":"closed","ping_status":"closed","template":"","meta":{"_et_pb_use_builder":"","_et_pb_old_content":"","_et_gb_content_width":"","footnotes":""},"class_list":["post-27","page","type-page","status-publish","hentry"],"yoast_head":"<!-- This site is optimized with the Yoast SEO plugin v27.6 - https:\/\/yoast.com\/product\/yoast-seo-wordpress\/ -->\n<title>Coming soon - Julia Szell photography<\/title>\n<meta name=\"robots\" content=\"index, follow, max-snippet:-1, max-image-preview:large, max-video-preview:-1\" \/>\n<link rel=\"canonical\" href=\"https:\/\/juliaszellphotography.com\/en\/coming-soon\/\" \/>\n<meta property=\"og:locale\" content=\"en_GB\" \/>\n<meta property=\"og:type\" content=\"article\" \/>\n<meta property=\"og:title\" content=\"Coming soon - Julia Szell photography\" \/>\n<meta property=\"og:description\" content=\"Hamarosan indul \u00faj weboldalam, addig is keresse fel Facebook oldalamat!&nbsp;\" \/>\n<meta property=\"og:url\" content=\"https:\/\/juliaszellphotography.com\/en\/coming-soon\/\" \/>\n<meta property=\"og:site_name\" content=\"Julia Szell photography\" \/>\n<meta property=\"article:publisher\" content=\"https:\/\/www.facebook.com\/juliaszellphotography\" \/>\n<meta property=\"article:modified_time\" content=\"2022-12-07T13:38:45+00:00\" \/>\n<meta property=\"og:image\" content=\"https:\/\/juliaszellphotography.com\/wp-content\/uploads\/2022\/12\/profilkep.jpg\" \/>\n<meta name=\"twitter:card\" content=\"summary_large_image\" \/>\n<script type=\"application\/ld+json\" class=\"yoast-schema-graph\">{\"@context\":\"https:\\\/\\\/schema.org\",\"@graph\":[{\"@type\":\"WebPage\",\"@id\":\"https:\\\/\\\/juliaszellphotography.com\\\/coming-soon\\\/\",\"url\":\"https:\\\/\\\/juliaszellphotography.com\\\/coming-soon\\\/\",\"name\":\"Coming soon - Julia Szell photography\",\"isPartOf\":{\"@id\":\"https:\\\/\\\/juliaszellphotography.com\\\/de\\\/#website\"},\"primaryImageOfPage\":{\"@id\":\"https:\\\/\\\/juliaszellphotography.com\\\/coming-soon\\\/#primaryimage\"},\"image\":{\"@id\":\"https:\\\/\\\/juliaszellphotography.com\\\/coming-soon\\\/#primaryimage\"},\"thumbnailUrl\":\"https:\\\/\\\/juliaszellphotography.com\\\/wp-content\\\/uploads\\\/2022\\\/12\\\/profilkep.jpg\",\"datePublished\":\"2022-12-07T13:22:30+00:00\",\"dateModified\":\"2022-12-07T13:38:45+00:00\",\"breadcrumb\":{\"@id\":\"https:\\\/\\\/juliaszellphotography.com\\\/coming-soon\\\/#breadcrumb\"},\"inLanguage\":\"en-GB\",\"potentialAction\":[{\"@type\":\"ReadAction\",\"target\":[\"https:\\\/\\\/juliaszellphotography.com\\\/coming-soon\\\/\"]}]},{\"@type\":\"ImageObject\",\"inLanguage\":\"en-GB\",\"@id\":\"https:\\\/\\\/juliaszellphotography.com\\\/coming-soon\\\/#primaryimage\",\"url\":\"https:\\\/\\\/juliaszellphotography.com\\\/wp-content\\\/uploads\\\/2022\\\/12\\\/profilkep.jpg\",\"contentUrl\":\"https:\\\/\\\/juliaszellphotography.com\\\/wp-content\\\/uploads\\\/2022\\\/12\\\/profilkep.jpg\"},{\"@type\":\"BreadcrumbList\",\"@id\":\"https:\\\/\\\/juliaszellphotography.com\\\/coming-soon\\\/#breadcrumb\",\"itemListElement\":[{\"@type\":\"ListItem\",\"position\":1,\"name\":\"Kezd\u0151lap\",\"item\":\"https:\\\/\\\/juliaszellphotography.com\\\/hu\\\/\"},{\"@type\":\"ListItem\",\"position\":2,\"name\":\"Coming soon\"}]},{\"@type\":\"WebSite\",\"@id\":\"https:\\\/\\\/juliaszellphotography.com\\\/de\\\/#website\",\"url\":\"https:\\\/\\\/juliaszellphotography.com\\\/de\\\/\",\"name\":\"Julia Szell photography\",\"description\":\"Julia Szell legszebb fot\u00f3i\",\"publisher\":{\"@id\":\"https:\\\/\\\/juliaszellphotography.com\\\/de\\\/#\\\/schema\\\/person\\\/f163b0fc3853307a80a3842cd5ebfa91\"},\"potentialAction\":[{\"@type\":\"SearchAction\",\"target\":{\"@type\":\"EntryPoint\",\"urlTemplate\":\"https:\\\/\\\/juliaszellphotography.com\\\/de\\\/?s={search_term_string}\"},\"query-input\":{\"@type\":\"PropertyValueSpecification\",\"valueRequired\":true,\"valueName\":\"search_term_string\"}}],\"inLanguage\":\"en-GB\"},{\"@type\":[\"Person\",\"Organization\"],\"@id\":\"https:\\\/\\\/juliaszellphotography.com\\\/de\\\/#\\\/schema\\\/person\\\/f163b0fc3853307a80a3842cd5ebfa91\",\"name\":\"vanitaszell\",\"image\":{\"@type\":\"ImageObject\",\"inLanguage\":\"en-GB\",\"@id\":\"https:\\\/\\\/juliaszellphotography.com\\\/wp-content\\\/uploads\\\/2022\\\/12\\\/profilkep.jpg\",\"url\":\"https:\\\/\\\/juliaszellphotography.com\\\/wp-content\\\/uploads\\\/2022\\\/12\\\/profilkep.jpg\",\"contentUrl\":\"https:\\\/\\\/juliaszellphotography.com\\\/wp-content\\\/uploads\\\/2022\\\/12\\\/profilkep.jpg\",\"width\":750,\"height\":750,\"caption\":\"vanitaszell\"},\"logo\":{\"@id\":\"https:\\\/\\\/juliaszellphotography.com\\\/wp-content\\\/uploads\\\/2022\\\/12\\\/profilkep.jpg\"},\"description\":\"Sz\u00e9ll J\u00falia vagyok f\u00e9nyk\u00e9p\u00e9sz. A kedvenc t\u00e9m\u00e1mat az emberek alkotj\u00e1k, \u00edgy az \u00e1ltalam prefer\u00e1lt szakter\u00fcletem a portr\u00e9 -\u00e9s csal\u00e1di fot\u00f3z\u00e1sok. Egy k\u00f6zvetlen szem\u00e9lyis\u00e9g vagyok, szeretek \u00faj arcokat megismerni, n\u00e1lam a fot\u00f3z\u00e1sok mindig vid\u00e1man telnek, tele nevet\u00e9ssel \u00e9s j\u00f3kedvvel. Mindemellett tudok seg\u00edteni neked j\u00f3l p\u00f3zolni, hisz \u00e9n is v\u00e9gig j\u00e1rtam a modellk\u00e9d\u00e9s \u201em\u0171v\u00e9szet\u00e9t\u201d.\",\"sameAs\":[\"https:\\\/\\\/juliaszellphotography.com\",\"https:\\\/\\\/www.facebook.com\\\/juliaszellphotography\",\"https:\\\/\\\/www.instagram.com\\\/juliaszellphotography\\\/\"]}]}<\/script>\n<!-- \/ Yoast SEO plugin. -->","yoast_head_json":{"title":"Coming soon - Julia Szell photography","robots":{"index":"index","follow":"follow","max-snippet":"max-snippet:-1","max-image-preview":"max-image-preview:large","max-video-preview":"max-video-preview:-1"},"canonical":"https:\/\/juliaszellphotography.com\/en\/coming-soon\/","og_locale":"en_GB","og_type":"article","og_title":"Coming soon - Julia Szell photography","og_description":"Hamarosan indul \u00faj weboldalam, addig is keresse fel Facebook oldalamat!&nbsp;","og_url":"https:\/\/juliaszellphotography.com\/en\/coming-soon\/","og_site_name":"Julia Szell photography","article_publisher":"https:\/\/www.facebook.com\/juliaszellphotography","article_modified_time":"2022-12-07T13:38:45+00:00","og_image":[{"url":"https:\/\/juliaszellphotography.com\/wp-content\/uploads\/2022\/12\/profilkep.jpg","type":"","width":"","height":""}],"twitter_card":"summary_large_image","schema":{"@context":"https:\/\/schema.org","@graph":[{"@type":"WebPage","@id":"https:\/\/juliaszellphotography.com\/coming-soon\/","url":"https:\/\/juliaszellphotography.com\/coming-soon\/","name":"Coming soon - Julia Szell photography","isPartOf":{"@id":"https:\/\/juliaszellphotography.com\/de\/#website"},"primaryImageOfPage":{"@id":"https:\/\/juliaszellphotography.com\/coming-soon\/#primaryimage"},"image":{"@id":"https:\/\/juliaszellphotography.com\/coming-soon\/#primaryimage"},"thumbnailUrl":"https:\/\/juliaszellphotography.com\/wp-content\/uploads\/2022\/12\/profilkep.jpg","datePublished":"2022-12-07T13:22:30+00:00","dateModified":"2022-12-07T13:38:45+00:00","breadcrumb":{"@id":"https:\/\/juliaszellphotography.com\/coming-soon\/#breadcrumb"},"inLanguage":"en-GB","potentialAction":[{"@type":"ReadAction","target":["https:\/\/juliaszellphotography.com\/coming-soon\/"]}]},{"@type":"ImageObject","inLanguage":"en-GB","@id":"https:\/\/juliaszellphotography.com\/coming-soon\/#primaryimage","url":"https:\/\/juliaszellphotography.com\/wp-content\/uploads\/2022\/12\/profilkep.jpg","contentUrl":"https:\/\/juliaszellphotography.com\/wp-content\/uploads\/2022\/12\/profilkep.jpg"},{"@type":"BreadcrumbList","@id":"https:\/\/juliaszellphotography.com\/coming-soon\/#breadcrumb","itemListElement":[{"@type":"ListItem","position":1,"name":"Kezd\u0151lap","item":"https:\/\/juliaszellphotography.com\/hu\/"},{"@type":"ListItem","position":2,"name":"Coming soon"}]},{"@type":"WebSite","@id":"https:\/\/juliaszellphotography.com\/de\/#website","url":"https:\/\/juliaszellphotography.com\/de\/","name":"Julia Szell photography","description":"Julia Szell legszebb fot\u00f3i","publisher":{"@id":"https:\/\/juliaszellphotography.com\/de\/#\/schema\/person\/f163b0fc3853307a80a3842cd5ebfa91"},"potentialAction":[{"@type":"SearchAction","target":{"@type":"EntryPoint","urlTemplate":"https:\/\/juliaszellphotography.com\/de\/?s={search_term_string}"},"query-input":{"@type":"PropertyValueSpecification","valueRequired":true,"valueName":"search_term_string"}}],"inLanguage":"en-GB"},{"@type":["Person","Organization"],"@id":"https:\/\/juliaszellphotography.com\/de\/#\/schema\/person\/f163b0fc3853307a80a3842cd5ebfa91","name":"vanitaszell","image":{"@type":"ImageObject","inLanguage":"en-GB","@id":"https:\/\/juliaszellphotography.com\/wp-content\/uploads\/2022\/12\/profilkep.jpg","url":"https:\/\/juliaszellphotography.com\/wp-content\/uploads\/2022\/12\/profilkep.jpg","contentUrl":"https:\/\/juliaszellphotography.com\/wp-content\/uploads\/2022\/12\/profilkep.jpg","width":750,"height":750,"caption":"vanitaszell"},"logo":{"@id":"https:\/\/juliaszellphotography.com\/wp-content\/uploads\/2022\/12\/profilkep.jpg"},"description":"Sz\u00e9ll J\u00falia vagyok f\u00e9nyk\u00e9p\u00e9sz. A kedvenc t\u00e9m\u00e1mat az emberek alkotj\u00e1k, \u00edgy az \u00e1ltalam prefer\u00e1lt szakter\u00fcletem a portr\u00e9 -\u00e9s csal\u00e1di fot\u00f3z\u00e1sok. Egy k\u00f6zvetlen szem\u00e9lyis\u00e9g vagyok, szeretek \u00faj arcokat megismerni, n\u00e1lam a fot\u00f3z\u00e1sok mindig vid\u00e1man telnek, tele nevet\u00e9ssel \u00e9s j\u00f3kedvvel. Mindemellett tudok seg\u00edteni neked j\u00f3l p\u00f3zolni, hisz \u00e9n is v\u00e9gig j\u00e1rtam a modellk\u00e9d\u00e9s \u201em\u0171v\u00e9szet\u00e9t\u201d.","sameAs":["https:\/\/juliaszellphotography.com","https:\/\/www.facebook.com\/juliaszellphotography","https:\/\/www.instagram.com\/juliaszellphotography\/"]}]}},"_links":{"self":[{"href":"https:\/\/juliaszellphotography.com\/en\/wp-json\/wp\/v2\/pages\/27","targetHints":{"allow":["GET"]}}],"collection":[{"href":"https:\/\/juliaszellphotography.com\/en\/wp-json\/wp\/v2\/pages"}],"about":[{"href":"https:\/\/juliaszellphotography.com\/en\/wp-json\/wp\/v2\/types\/page"}],"author":[{"embeddable":true,"href":"https:\/\/juliaszellphotography.com\/en\/wp-json\/wp\/v2\/users\/1"}],"replies":[{"embeddable":true,"href":"https:\/\/juliaszellphotography.com\/en\/wp-json\/wp\/v2\/comments?post=27"}],"version-history":[{"count":7,"href":"https:\/\/juliaszellphotography.com\/en\/wp-json\/wp\/v2\/pages\/27\/revisions"}],"predecessor-version":[{"id":34,"href":"https:\/\/juliaszellphotography.com\/en\/wp-json\/wp\/v2\/pages\/27\/revisions\/34"}],"wp:attachment":[{"href":"https:\/\/juliaszellphotography.com\/en\/wp-json\/wp\/v2\/media?parent=27"}],"curies":[{"name":"wp","href":"https:\/\/api.w.org\/{rel}","templated":true}]}}