{"id":197,"date":"2023-01-10T13:20:18","date_gmt":"2023-01-10T13:20:18","guid":{"rendered":"https:\/\/juliaszellphotography.com\/?page_id=197"},"modified":"2026-05-12T13:10:23","modified_gmt":"2026-05-12T13:10:23","slug":"rolam","status":"publish","type":"page","link":"https:\/\/juliaszellphotography.com\/it\/rolam\/","title":{"rendered":"A proposito di me"},"content":{"rendered":"\n[et_pb_section fb_built=&#8221;1&#8243; admin_label=&#8221;About Us&#8221; _builder_version=&#8221;4.16&#8243; custom_padding=&#8221;6px|0px|6px|0px|true|false&#8221; locked=&#8221;off&#8221; global_colors_info=&#8221;{}&#8221;][et_pb_row column_structure=&#8221;1_2,1_2&#8243; _builder_version=&#8221;4.16&#8243; global_colors_info=&#8221;{}&#8221;][et_pb_column type=&#8221;1_2&#8243; _builder_version=&#8221;4.16&#8243; custom_padding=&#8221;|||&#8221; global_colors_info=&#8221;{}&#8221; custom_padding__hover=&#8221;|||&#8221;][et_pb_image src=&#8221;https:\/\/juliaszellphotography.com\/wp-content\/uploads\/2023\/02\/IMG_20230208_004100-1.jpg&#8221; title_text=&#8221;73495336_979880615713262_3603648423732969472_n&#8221; force_fullwidth=&#8221;on&#8221; align_tablet=&#8221;center&#8221; align_phone=&#8221;center&#8221; align_last_edited=&#8221;on|desktop&#8221; _builder_version=&#8221;4.19.2&#8243; custom_margin=&#8221;|||&#8221; custom_margin_tablet=&#8221;-160px|||&#8221; custom_margin_phone=&#8221;0px|||&#8221; custom_margin_last_edited=&#8221;off|desktop&#8221; animation_style=&#8221;slide&#8221; animation_direction=&#8221;bottom&#8221; animation_intensity_slide=&#8221;5%&#8221; box_shadow_style=&#8221;preset3&#8243; box_shadow_vertical=&#8221;70px&#8221; box_shadow_blur=&#8221;80px&#8221; box_shadow_spread=&#8221;-60px&#8221; global_colors_info=&#8221;{}&#8221;][\/et_pb_image][et_pb_image src=&#8221;https:\/\/juliaszellphotography.com\/wp-content\/uploads\/2023\/02\/en.jpg&#8221; title_text=&#8221;\u00e9n&#8221; _builder_version=&#8221;4.19.2&#8243; _module_preset=&#8221;default&#8221; global_colors_info=&#8221;{}&#8221;][\/et_pb_image][\/et_pb_column][et_pb_column type=&#8221;1_2&#8243; _builder_version=&#8221;4.16&#8243; custom_padding=&#8221;10%|||6%&#8221; global_colors_info=&#8221;{}&#8221; custom_padding__hover=&#8221;|||&#8221;][et_pb_text _builder_version=&#8221;4.19.2&#8243; text_font=&#8221;Cormorant Garamond||||||||&#8221; text_font_size=&#8221;20px&#8221; text_line_height=&#8221;1.8em&#8221; link_font=&#8221;||||||||&#8221; ul_font=&#8221;||||||||&#8221; header_font=&#8221;||||||||&#8221; header_2_font=&#8221;||||||||&#8221; header_3_font=&#8221;||||||||&#8221; header_3_font_size=&#8221;45px&#8221; header_3_line_height=&#8221;1.5em&#8221; max_width_tablet=&#8221;100%&#8221; max_width_phone=&#8221;100%&#8221; max_width_last_edited=&#8221;off|desktop&#8221; module_alignment=&#8221;right&#8221; custom_padding=&#8221;|||&#8221; custom_padding_tablet=&#8221;|||0px&#8221; custom_padding_phone=&#8221;&#8221; custom_padding_last_edited=&#8221;on|tablet&#8221; global_colors_info=&#8221;{}&#8221;]<h3>\u00dcdv\u00f6z\u00f6llek a honlapomon!<\/h3>\n<p><strong>Sz\u00e9ll J\u00fali\u00e1<\/strong>nak h\u00edvnak, hivat\u00e1som a f\u00e9nyk\u00e9p\u00e9szet, amely egy fiatalkori hobbib\u00f3l n\u0151tte ki mag\u00e1t. A fot\u00f3z\u00e1s ir\u00e1nti \u00e9rdekl\u0151d\u00e9sem a modellked\u00e9ssel kezd\u0151d\u00f6tt. Ebben az id\u0151szakban m\u00e9g a kamera el\u0151tt \u00e1lltam, r\u00e9szt vettem n\u00e9h\u00e1ny projektben, \u00e9s megtanultam hogyan kell a lencse<br \/>el\u0151tt p\u00f3zolni. Ez tapasztalat most el\u0151ny\u00f6mre szolg\u00e1l, hisz az \u00e1ltalam fot\u00f3zand\u00f3 alanyoknak tudok seg\u00edteni a helyes be\u00e1ll\u00e1sban. Az id\u0151k eltelt\u00e9vel egyre jobban elkezdett \u00e9rdekelni a m\u00e1sik oldal is, hogy hogyan milyen technik\u00e1val \u00e9s be\u00e1ll\u00edt\u00e1sokkal k\u00e9sz\u00fcltek ezek a fot\u00f3k<br \/>r\u00f3lam. K\u00edv\u00fclr\u0151l egy k\u00f6nny\u0171 szakm\u00e1nak t\u0171nt amikor figyeltem az engem fotoz\u00f3 embereket, de mikor elkezdtem tanulgatni a f\u00e9nyk\u00e9pez\u0151g\u00e9pek kezel\u00e9s\u00e9t, hamar r\u00e1j\u00f6ttem, hogy ez a hobbi egy \u00f6sszetettebb \u00e9s komplexebb tud\u00e1st ig\u00e9nyel. Az els\u0151 f\u00e9nyk\u00e9pez\u0151g\u00e9pem 2014-ben v\u00e1s\u00e1roltam, egy t\u00fck\u00f6rreflexes Nikon D5100 form\u00e1j\u00e1ban, amit p\u00e1r \u00e9ve lecser\u00e9ltem egy D750 fullframe v\u00e1zra. 2020-ban beiratkoztam egy fotogr\u00e1fus- \u00e9s fot\u00f3term\u00e9k keresked\u0151 OKJ-s tanfolyamra, ahol sikeres vizsg\u00e1t tettem. Sok olyan ismeretre tettem szert, amit siker\u00fclt be\u00e9p\u00edteni a gyakorlatba is, ez\u00e1ltal siker\u00fcl egyre jobban fejl\u0151dn\u00f6m.<br \/>A kedvenc t\u00e9m\u00e1mat az <strong>emberek<\/strong> alkotj\u00e1k, \u00edgy az \u00e1ltalam prefer\u00e1lt szakter\u00fcletem a <strong>portr\u00e9 -\u00e9s <\/strong><strong>csal\u00e1di fot\u00f3z\u00e1sok<\/strong>. Egy k\u00f6zvetlen szem\u00e9lyis\u00e9g vagyok, szeretek \u00faj arcokat megismerni, n\u00e1lam a fot\u00f3z\u00e1sok mindig vid\u00e1man telnek, tele nevet\u00e9ssel \u00e9s j\u00f3kedvvel. Mindemellett tudok<br \/>seg\u00edteni neked j\u00f3l p\u00f3zolni, hisz \u00e9n is v\u00e9gig j\u00e1rtam a modellk\u00e9d\u00e9s \u201em\u0171v\u00e9szet\u00e9t\u201d.<\/p>\n<p>Amennyiben felkeltettem \u00e9rdekl\u0151d\u00e9sed, keress b\u00e1tran, \u00e9s egyeztet\u00fcnk egy megfelel\u0151 id\u0151pontot.<\/p>[\/et_pb_text][et_pb_image src=&#8221;https:\/\/juliaszellphotography.com\/wp-content\/uploads\/2023\/01\/Nevtelen-terv-7.png&#8221; _builder_version=&#8221;4.19.2&#8243; _module_preset=&#8221;default&#8221; width=&#8221;43%&#8221; global_colors_info=&#8221;{}&#8221;][\/et_pb_image][\/et_pb_column][\/et_pb_row][et_pb_row _builder_version=&#8221;4.19.5&#8243; _module_preset=&#8221;default&#8221; column_structure=&#8221;1_2,1_2&#8243;][et_pb_column _builder_version=&#8221;4.19.5&#8243; _module_preset=&#8221;default&#8221; type=&#8221;1_2&#8243;][et_pb_image src=&#8221;https:\/\/juliaszellphotography.com\/wp-content\/uploads\/2023\/02\/IMG_20230208_012239-1.jpg&#8221; _builder_version=&#8221;4.19.5&#8243; _module_preset=&#8221;default&#8221; title_text=&#8221;IMG_20230208_012239 (1)&#8221; hover_enabled=&#8221;0&#8243; sticky_enabled=&#8221;0&#8243;][\/et_pb_image][\/et_pb_column][et_pb_column _builder_version=&#8221;4.19.5&#8243; _module_preset=&#8221;default&#8221; type=&#8221;1_2&#8243;][et_pb_image src=&#8221;https:\/\/juliaszellphotography.com\/wp-content\/uploads\/2023\/02\/IMG_20230208_034951-scaled.jpg&#8221; _builder_version=&#8221;4.19.5&#8243; _module_preset=&#8221;default&#8221; hover_enabled=&#8221;0&#8243; sticky_enabled=&#8221;0&#8243;][\/et_pb_image][\/et_pb_column][\/et_pb_row][\/et_pb_section]\n","protected":false},"excerpt":{"rendered":"<p>\u00dcdv\u00f6z\u00f6llek a honlapomon! Sz\u00e9ll J\u00fali\u00e1nak h\u00edvnak, hivat\u00e1som a f\u00e9nyk\u00e9p\u00e9szet, amely egy fiatalkori hobbib\u00f3l n\u0151tte ki mag\u00e1t. A fot\u00f3z\u00e1s ir\u00e1nti \u00e9rdekl\u0151d\u00e9sem a modellked\u00e9ssel kezd\u0151d\u00f6tt. Ebben az id\u0151szakban m\u00e9g a kamera el\u0151tt \u00e1lltam, r\u00e9szt vettem n\u00e9h\u00e1ny projektben, \u00e9s megtanultam hogyan kell a lencseel\u0151tt p\u00f3zolni. Ez tapasztalat most el\u0151ny\u00f6mre szolg\u00e1l, hisz az \u00e1ltalam fot\u00f3zand\u00f3 alanyoknak tudok seg\u00edteni a [&hellip;]<\/p>\n","protected":false},"author":1,"featured_media":207,"parent":0,"menu_order":0,"comment_status":"closed","ping_status":"closed","template":"","meta":{"_et_pb_use_builder":"on","_et_pb_old_content":"","_et_gb_content_width":"","footnotes":""},"class_list":["post-197","page","type-page","status-publish","has-post-thumbnail","hentry"],"yoast_head":"<!-- This site is optimized with the Yoast SEO plugin v27.6 - https:\/\/yoast.com\/product\/yoast-seo-wordpress\/ -->\n<title>R\u00f3lam - Julia Szell photography Portr\u00e4t-, Familien- und Hochzeitsfotografie. Ich halte Ihre sch\u00f6nsten Momente f\u00fcr Sie fest!<\/title>\n<meta name=\"description\" content=\"Buchen Sie online einen Termin! Hochzeits- oder Familienfotografie, Kinderfotografie, Schwangerschaftsfotografie, Portr\u00e4tfotografie. Rufen Sie mich gerne an, wenn Sie eine professionelle Fotoserie von sich, Ihrer Familie, Ihrem Unternehmen oder Ihren Produkten w\u00fcnschen.\" \/>\n<meta name=\"robots\" content=\"index, follow, max-snippet:-1, max-image-preview:large, max-video-preview:-1\" \/>\n<link rel=\"canonical\" href=\"https:\/\/juliaszellphotography.com\/it\/rolam\/\" \/>\n<meta property=\"og:locale\" content=\"it_IT\" \/>\n<meta property=\"og:type\" content=\"article\" \/>\n<meta property=\"og:title\" content=\"R\u00f3lam - Julia Szell photography Portr\u00e4t-, Familien- und Hochzeitsfotografie. Ich halte Ihre sch\u00f6nsten Momente f\u00fcr Sie fest!\" \/>\n<meta property=\"og:description\" content=\"Buchen Sie online einen Termin! Hochzeits- oder Familienfotografie, Kinderfotografie, Schwangerschaftsfotografie, Portr\u00e4tfotografie. Rufen Sie mich gerne an, wenn Sie eine professionelle Fotoserie von sich, Ihrer Familie, Ihrem Unternehmen oder Ihren Produkten w\u00fcnschen.\" \/>\n<meta property=\"og:url\" content=\"https:\/\/juliaszellphotography.com\/it\/rolam\/\" \/>\n<meta property=\"og:site_name\" content=\"Julia Szell photography\" \/>\n<meta property=\"article:publisher\" content=\"https:\/\/www.facebook.com\/juliaszellphotography\" \/>\n<meta property=\"article:modified_time\" content=\"2026-05-12T13:10:23+00:00\" \/>\n<meta property=\"og:image\" content=\"https:\/\/juliaszellphotography.com\/wp-content\/uploads\/2023\/01\/13320769_190264974704077_7532327271676919557_o.jpg\" \/>\n\t<meta property=\"og:image:width\" content=\"2000\" \/>\n\t<meta property=\"og:image:height\" content=\"1333\" \/>\n\t<meta property=\"og:image:type\" content=\"image\/jpeg\" \/>\n<meta name=\"twitter:card\" content=\"summary_large_image\" \/>\n<meta name=\"twitter:label1\" content=\"Tempo di lettura stimato\" \/>\n\t<meta name=\"twitter:data1\" content=\"3 minuti\" \/>\n<script type=\"application\/ld+json\" class=\"yoast-schema-graph\">{\"@context\":\"https:\\\/\\\/schema.org\",\"@graph\":[{\"@type\":\"WebPage\",\"@id\":\"https:\\\/\\\/juliaszellphotography.com\\\/rolam\\\/\",\"url\":\"https:\\\/\\\/juliaszellphotography.com\\\/rolam\\\/\",\"name\":\"R\u00f3lam - Julia Szell photography Portr\u00e4t-, Familien- und Hochzeitsfotografie. Ich halte Ihre sch\u00f6nsten Momente f\u00fcr Sie fest!\",\"isPartOf\":{\"@id\":\"https:\\\/\\\/juliaszellphotography.com\\\/de\\\/#website\"},\"primaryImageOfPage\":{\"@id\":\"https:\\\/\\\/juliaszellphotography.com\\\/rolam\\\/#primaryimage\"},\"image\":{\"@id\":\"https:\\\/\\\/juliaszellphotography.com\\\/rolam\\\/#primaryimage\"},\"thumbnailUrl\":\"https:\\\/\\\/juliaszellphotography.com\\\/wp-content\\\/uploads\\\/2023\\\/01\\\/13320769_190264974704077_7532327271676919557_o.jpg\",\"datePublished\":\"2023-01-10T13:20:18+00:00\",\"dateModified\":\"2026-05-12T13:10:23+00:00\",\"description\":\"Buchen Sie online einen Termin! Hochzeits- oder Familienfotografie, Kinderfotografie, Schwangerschaftsfotografie, Portr\u00e4tfotografie. Rufen Sie mich gerne an, wenn Sie eine professionelle Fotoserie von sich, Ihrer Familie, Ihrem Unternehmen oder Ihren Produkten w\u00fcnschen.\",\"breadcrumb\":{\"@id\":\"https:\\\/\\\/juliaszellphotography.com\\\/rolam\\\/#breadcrumb\"},\"inLanguage\":\"it-IT\",\"potentialAction\":[{\"@type\":\"ReadAction\",\"target\":[\"https:\\\/\\\/juliaszellphotography.com\\\/rolam\\\/\"]}]},{\"@type\":\"ImageObject\",\"inLanguage\":\"it-IT\",\"@id\":\"https:\\\/\\\/juliaszellphotography.com\\\/rolam\\\/#primaryimage\",\"url\":\"https:\\\/\\\/juliaszellphotography.com\\\/wp-content\\\/uploads\\\/2023\\\/01\\\/13320769_190264974704077_7532327271676919557_o.jpg\",\"contentUrl\":\"https:\\\/\\\/juliaszellphotography.com\\\/wp-content\\\/uploads\\\/2023\\\/01\\\/13320769_190264974704077_7532327271676919557_o.jpg\",\"width\":2000,\"height\":1333},{\"@type\":\"BreadcrumbList\",\"@id\":\"https:\\\/\\\/juliaszellphotography.com\\\/rolam\\\/#breadcrumb\",\"itemListElement\":[{\"@type\":\"ListItem\",\"position\":1,\"name\":\"Kezd\u0151lap\",\"item\":\"https:\\\/\\\/juliaszellphotography.com\\\/hu\\\/\"},{\"@type\":\"ListItem\",\"position\":2,\"name\":\"R\u00f3lam\"}]},{\"@type\":\"WebSite\",\"@id\":\"https:\\\/\\\/juliaszellphotography.com\\\/de\\\/#website\",\"url\":\"https:\\\/\\\/juliaszellphotography.com\\\/de\\\/\",\"name\":\"Julia Szell photography\",\"description\":\"Julia Szell legszebb fot\u00f3i\",\"publisher\":{\"@id\":\"https:\\\/\\\/juliaszellphotography.com\\\/de\\\/#\\\/schema\\\/person\\\/f163b0fc3853307a80a3842cd5ebfa91\"},\"potentialAction\":[{\"@type\":\"SearchAction\",\"target\":{\"@type\":\"EntryPoint\",\"urlTemplate\":\"https:\\\/\\\/juliaszellphotography.com\\\/de\\\/?s={search_term_string}\"},\"query-input\":{\"@type\":\"PropertyValueSpecification\",\"valueRequired\":true,\"valueName\":\"search_term_string\"}}],\"inLanguage\":\"it-IT\"},{\"@type\":[\"Person\",\"Organization\"],\"@id\":\"https:\\\/\\\/juliaszellphotography.com\\\/de\\\/#\\\/schema\\\/person\\\/f163b0fc3853307a80a3842cd5ebfa91\",\"name\":\"vanitaszell\",\"image\":{\"@type\":\"ImageObject\",\"inLanguage\":\"it-IT\",\"@id\":\"https:\\\/\\\/juliaszellphotography.com\\\/wp-content\\\/uploads\\\/2022\\\/12\\\/profilkep.jpg\",\"url\":\"https:\\\/\\\/juliaszellphotography.com\\\/wp-content\\\/uploads\\\/2022\\\/12\\\/profilkep.jpg\",\"contentUrl\":\"https:\\\/\\\/juliaszellphotography.com\\\/wp-content\\\/uploads\\\/2022\\\/12\\\/profilkep.jpg\",\"width\":750,\"height\":750,\"caption\":\"vanitaszell\"},\"logo\":{\"@id\":\"https:\\\/\\\/juliaszellphotography.com\\\/wp-content\\\/uploads\\\/2022\\\/12\\\/profilkep.jpg\"},\"description\":\"Sz\u00e9ll J\u00falia vagyok f\u00e9nyk\u00e9p\u00e9sz. A kedvenc t\u00e9m\u00e1mat az emberek alkotj\u00e1k, \u00edgy az \u00e1ltalam prefer\u00e1lt szakter\u00fcletem a portr\u00e9 -\u00e9s csal\u00e1di fot\u00f3z\u00e1sok. Egy k\u00f6zvetlen szem\u00e9lyis\u00e9g vagyok, szeretek \u00faj arcokat megismerni, n\u00e1lam a fot\u00f3z\u00e1sok mindig vid\u00e1man telnek, tele nevet\u00e9ssel \u00e9s j\u00f3kedvvel. Mindemellett tudok seg\u00edteni neked j\u00f3l p\u00f3zolni, hisz \u00e9n is v\u00e9gig j\u00e1rtam a modellk\u00e9d\u00e9s \u201em\u0171v\u00e9szet\u00e9t\u201d.\",\"sameAs\":[\"https:\\\/\\\/juliaszellphotography.com\",\"https:\\\/\\\/www.facebook.com\\\/juliaszellphotography\",\"https:\\\/\\\/www.instagram.com\\\/juliaszellphotography\\\/\"]}]}<\/script>\n<!-- \/ Yoast SEO plugin. -->","yoast_head_json":{"title":"R\u00f3lam - Julia Szell photography Portr\u00e4t-, Familien- und Hochzeitsfotografie. Ich halte Ihre sch\u00f6nsten Momente f\u00fcr Sie fest!","description":"Buchen Sie online einen Termin! Hochzeits- oder Familienfotografie, Kinderfotografie, Schwangerschaftsfotografie, Portr\u00e4tfotografie. Rufen Sie mich gerne an, wenn Sie eine professionelle Fotoserie von sich, Ihrer Familie, Ihrem Unternehmen oder Ihren Produkten w\u00fcnschen.","robots":{"index":"index","follow":"follow","max-snippet":"max-snippet:-1","max-image-preview":"max-image-preview:large","max-video-preview":"max-video-preview:-1"},"canonical":"https:\/\/juliaszellphotography.com\/it\/rolam\/","og_locale":"it_IT","og_type":"article","og_title":"R\u00f3lam - Julia Szell photography Portr\u00e4t-, Familien- und Hochzeitsfotografie. Ich halte Ihre sch\u00f6nsten Momente f\u00fcr Sie fest!","og_description":"Buchen Sie online einen Termin! Hochzeits- oder Familienfotografie, Kinderfotografie, Schwangerschaftsfotografie, Portr\u00e4tfotografie. Rufen Sie mich gerne an, wenn Sie eine professionelle Fotoserie von sich, Ihrer Familie, Ihrem Unternehmen oder Ihren Produkten w\u00fcnschen.","og_url":"https:\/\/juliaszellphotography.com\/it\/rolam\/","og_site_name":"Julia Szell photography","article_publisher":"https:\/\/www.facebook.com\/juliaszellphotography","article_modified_time":"2026-05-12T13:10:23+00:00","og_image":[{"width":2000,"height":1333,"url":"https:\/\/juliaszellphotography.com\/wp-content\/uploads\/2023\/01\/13320769_190264974704077_7532327271676919557_o.jpg","type":"image\/jpeg"}],"twitter_card":"summary_large_image","twitter_misc":{"Tempo di lettura stimato":"3 minuti"},"schema":{"@context":"https:\/\/schema.org","@graph":[{"@type":"WebPage","@id":"https:\/\/juliaszellphotography.com\/rolam\/","url":"https:\/\/juliaszellphotography.com\/rolam\/","name":"R\u00f3lam - Julia Szell photography Portr\u00e4t-, Familien- und Hochzeitsfotografie. Ich halte Ihre sch\u00f6nsten Momente f\u00fcr Sie fest!","isPartOf":{"@id":"https:\/\/juliaszellphotography.com\/de\/#website"},"primaryImageOfPage":{"@id":"https:\/\/juliaszellphotography.com\/rolam\/#primaryimage"},"image":{"@id":"https:\/\/juliaszellphotography.com\/rolam\/#primaryimage"},"thumbnailUrl":"https:\/\/juliaszellphotography.com\/wp-content\/uploads\/2023\/01\/13320769_190264974704077_7532327271676919557_o.jpg","datePublished":"2023-01-10T13:20:18+00:00","dateModified":"2026-05-12T13:10:23+00:00","description":"Buchen Sie online einen Termin! Hochzeits- oder Familienfotografie, Kinderfotografie, Schwangerschaftsfotografie, Portr\u00e4tfotografie. Rufen Sie mich gerne an, wenn Sie eine professionelle Fotoserie von sich, Ihrer Familie, Ihrem Unternehmen oder Ihren Produkten w\u00fcnschen.","breadcrumb":{"@id":"https:\/\/juliaszellphotography.com\/rolam\/#breadcrumb"},"inLanguage":"it-IT","potentialAction":[{"@type":"ReadAction","target":["https:\/\/juliaszellphotography.com\/rolam\/"]}]},{"@type":"ImageObject","inLanguage":"it-IT","@id":"https:\/\/juliaszellphotography.com\/rolam\/#primaryimage","url":"https:\/\/juliaszellphotography.com\/wp-content\/uploads\/2023\/01\/13320769_190264974704077_7532327271676919557_o.jpg","contentUrl":"https:\/\/juliaszellphotography.com\/wp-content\/uploads\/2023\/01\/13320769_190264974704077_7532327271676919557_o.jpg","width":2000,"height":1333},{"@type":"BreadcrumbList","@id":"https:\/\/juliaszellphotography.com\/rolam\/#breadcrumb","itemListElement":[{"@type":"ListItem","position":1,"name":"Kezd\u0151lap","item":"https:\/\/juliaszellphotography.com\/hu\/"},{"@type":"ListItem","position":2,"name":"R\u00f3lam"}]},{"@type":"WebSite","@id":"https:\/\/juliaszellphotography.com\/de\/#website","url":"https:\/\/juliaszellphotography.com\/de\/","name":"Julia Szell photography","description":"Julia Szell legszebb fot\u00f3i","publisher":{"@id":"https:\/\/juliaszellphotography.com\/de\/#\/schema\/person\/f163b0fc3853307a80a3842cd5ebfa91"},"potentialAction":[{"@type":"SearchAction","target":{"@type":"EntryPoint","urlTemplate":"https:\/\/juliaszellphotography.com\/de\/?s={search_term_string}"},"query-input":{"@type":"PropertyValueSpecification","valueRequired":true,"valueName":"search_term_string"}}],"inLanguage":"it-IT"},{"@type":["Person","Organization"],"@id":"https:\/\/juliaszellphotography.com\/de\/#\/schema\/person\/f163b0fc3853307a80a3842cd5ebfa91","name":"vanitaszell","image":{"@type":"ImageObject","inLanguage":"it-IT","@id":"https:\/\/juliaszellphotography.com\/wp-content\/uploads\/2022\/12\/profilkep.jpg","url":"https:\/\/juliaszellphotography.com\/wp-content\/uploads\/2022\/12\/profilkep.jpg","contentUrl":"https:\/\/juliaszellphotography.com\/wp-content\/uploads\/2022\/12\/profilkep.jpg","width":750,"height":750,"caption":"vanitaszell"},"logo":{"@id":"https:\/\/juliaszellphotography.com\/wp-content\/uploads\/2022\/12\/profilkep.jpg"},"description":"Sz\u00e9ll J\u00falia vagyok f\u00e9nyk\u00e9p\u00e9sz. A kedvenc t\u00e9m\u00e1mat az emberek alkotj\u00e1k, \u00edgy az \u00e1ltalam prefer\u00e1lt szakter\u00fcletem a portr\u00e9 -\u00e9s csal\u00e1di fot\u00f3z\u00e1sok. Egy k\u00f6zvetlen szem\u00e9lyis\u00e9g vagyok, szeretek \u00faj arcokat megismerni, n\u00e1lam a fot\u00f3z\u00e1sok mindig vid\u00e1man telnek, tele nevet\u00e9ssel \u00e9s j\u00f3kedvvel. Mindemellett tudok seg\u00edteni neked j\u00f3l p\u00f3zolni, hisz \u00e9n is v\u00e9gig j\u00e1rtam a modellk\u00e9d\u00e9s \u201em\u0171v\u00e9szet\u00e9t\u201d.","sameAs":["https:\/\/juliaszellphotography.com","https:\/\/www.facebook.com\/juliaszellphotography","https:\/\/www.instagram.com\/juliaszellphotography\/"]}]}},"_links":{"self":[{"href":"https:\/\/juliaszellphotography.com\/it\/wp-json\/wp\/v2\/pages\/197","targetHints":{"allow":["GET"]}}],"collection":[{"href":"https:\/\/juliaszellphotography.com\/it\/wp-json\/wp\/v2\/pages"}],"about":[{"href":"https:\/\/juliaszellphotography.com\/it\/wp-json\/wp\/v2\/types\/page"}],"author":[{"embeddable":true,"href":"https:\/\/juliaszellphotography.com\/it\/wp-json\/wp\/v2\/users\/1"}],"replies":[{"embeddable":true,"href":"https:\/\/juliaszellphotography.com\/it\/wp-json\/wp\/v2\/comments?post=197"}],"version-history":[{"count":10,"href":"https:\/\/juliaszellphotography.com\/it\/wp-json\/wp\/v2\/pages\/197\/revisions"}],"predecessor-version":[{"id":452,"href":"https:\/\/juliaszellphotography.com\/it\/wp-json\/wp\/v2\/pages\/197\/revisions\/452"}],"wp:featuredmedia":[{"embeddable":true,"href":"https:\/\/juliaszellphotography.com\/it\/wp-json\/wp\/v2\/media\/207"}],"wp:attachment":[{"href":"https:\/\/juliaszellphotography.com\/it\/wp-json\/wp\/v2\/media?parent=197"}],"curies":[{"name":"wp","href":"https:\/\/api.w.org\/{rel}","templated":true}]}}